{"id":192,"date":"2023-06-06T20:59:27","date_gmt":"2023-06-06T20:59:27","guid":{"rendered":"https:\/\/www.aulajungle.com.co\/capiro\/?page_id=192"},"modified":"2024-08-04T03:09:14","modified_gmt":"2024-08-04T03:09:14","slug":"nuestra-historia","status":"publish","type":"page","link":"https:\/\/www.aulajungle.com.co\/capiro\/es\/nuestra-historia\/","title":{"rendered":"Nuestra historia"},"content":{"rendered":"<p>Hemos sido reconocidos a nivel mundial por ser los mejores productores de crisantemos. Nuestra familia, nuestra historia y nuestros sue\u00f1os est\u00e1n tejidos de una forma \u00fanica por el arte de cultivar flores llenos de esperanza ayud\u00e1ndonos a cumplir todos nuestros sue\u00f1os. Buscamos adaptar las tecnolog\u00edas emergentes de diferentes industrias a todos nuestros procesos.<\/p>","protected":false},"excerpt":{"rendered":"<p>Hemos sido reconocidos a nivel mundial por ser los mejores productores de crisantemos. Nuestra familia, nuestra historia y nuestros sue\u00f1os est\u00e1n tejidos de una forma \u00fanica por el arte de cultivar flores llenos de esperanza ayud\u00e1ndonos a cumplir todos nuestros sue\u00f1os. Buscamos adaptar las tecnolog\u00edas emergentes de diferentes industrias a todos nuestros procesos.<\/p>","protected":false},"author":1,"featured_media":659,"parent":0,"menu_order":0,"comment_status":"closed","ping_status":"closed","template":"","meta":{"inline_featured_image":false,"footnotes":""},"class_list":["post-192","page","type-page","status-publish","has-post-thumbnail","hentry"],"_links":{"self":[{"href":"https:\/\/www.aulajungle.com.co\/capiro\/es\/wp-json\/wp\/v2\/pages\/192","targetHints":{"allow":["GET"]}}],"collection":[{"href":"https:\/\/www.aulajungle.com.co\/capiro\/es\/wp-json\/wp\/v2\/pages"}],"about":[{"href":"https:\/\/www.aulajungle.com.co\/capiro\/es\/wp-json\/wp\/v2\/types\/page"}],"author":[{"embeddable":true,"href":"https:\/\/www.aulajungle.com.co\/capiro\/es\/wp-json\/wp\/v2\/users\/1"}],"replies":[{"embeddable":true,"href":"https:\/\/www.aulajungle.com.co\/capiro\/es\/wp-json\/wp\/v2\/comments?post=192"}],"version-history":[{"count":13,"href":"https:\/\/www.aulajungle.com.co\/capiro\/es\/wp-json\/wp\/v2\/pages\/192\/revisions"}],"predecessor-version":[{"id":1325,"href":"https:\/\/www.aulajungle.com.co\/capiro\/es\/wp-json\/wp\/v2\/pages\/192\/revisions\/1325"}],"wp:featuredmedia":[{"embeddable":true,"href":"https:\/\/www.aulajungle.com.co\/capiro\/es\/wp-json\/wp\/v2\/media\/659"}],"wp:attachment":[{"href":"https:\/\/www.aulajungle.com.co\/capiro\/es\/wp-json\/wp\/v2\/media?parent=192"}],"curies":[{"name":"wp","href":"https:\/\/api.w.org\/{rel}","templated":true}]}}