{"id":483,"date":"2023-07-24T14:40:05","date_gmt":"2023-07-24T14:40:05","guid":{"rendered":"https:\/\/www.aulajungle.com.co\/capiro\/?page_id=483"},"modified":"2024-08-01T17:12:16","modified_gmt":"2024-08-01T17:12:16","slug":"nuestra-familia","status":"publish","type":"page","link":"https:\/\/www.aulajungle.com.co\/capiro\/es\/nuestra-familia\/","title":{"rendered":"Nuestra familia"},"content":{"rendered":"<p><strong>Nuestro compromiso social:<\/strong><\/p>\n<p>&#8220;<em>Transformar la vida de las personas<\/em>.&#8221;<\/p>\n<p>En Capiro, cultivamos sue\u00f1os y estamos comprometidos con nuestros empleados, la comunidad y el medio ambiente. Creemos que, al brindar un espacio de trabajo seguro y amigable, lograremos que nuestra gente se sienta como en casa. Por eso, construimos un buen presente para tener un mejor ma\u00f1ana.<\/p>\n<p>Nuestra familia cuenta con m\u00e1s de 2,500 empleados, a quienes cuidamos y valoramos cada d\u00eda, obteniendo resultados que aportan a nuestros altos est\u00e1ndares de calidad.<\/p>","protected":false},"excerpt":{"rendered":"<p>Our social commitment: &#8220;Transforming people&#8217;s lives.&#8221; At Capiro, we cultivate dreams and are committed to our employees, the community and the environment. We believe that by providing a safe and friendly workspace, we will make our people feel at home. That is why we build a good present for a better tomorrow. Our family has [&hellip;]<\/p>","protected":false},"author":1,"featured_media":1221,"parent":0,"menu_order":0,"comment_status":"closed","ping_status":"closed","template":"","meta":{"inline_featured_image":false,"footnotes":""},"class_list":["post-483","page","type-page","status-publish","has-post-thumbnail","hentry"],"_links":{"self":[{"href":"https:\/\/www.aulajungle.com.co\/capiro\/es\/wp-json\/wp\/v2\/pages\/483","targetHints":{"allow":["GET"]}}],"collection":[{"href":"https:\/\/www.aulajungle.com.co\/capiro\/es\/wp-json\/wp\/v2\/pages"}],"about":[{"href":"https:\/\/www.aulajungle.com.co\/capiro\/es\/wp-json\/wp\/v2\/types\/page"}],"author":[{"embeddable":true,"href":"https:\/\/www.aulajungle.com.co\/capiro\/es\/wp-json\/wp\/v2\/users\/1"}],"replies":[{"embeddable":true,"href":"https:\/\/www.aulajungle.com.co\/capiro\/es\/wp-json\/wp\/v2\/comments?post=483"}],"version-history":[{"count":7,"href":"https:\/\/www.aulajungle.com.co\/capiro\/es\/wp-json\/wp\/v2\/pages\/483\/revisions"}],"predecessor-version":[{"id":1304,"href":"https:\/\/www.aulajungle.com.co\/capiro\/es\/wp-json\/wp\/v2\/pages\/483\/revisions\/1304"}],"wp:featuredmedia":[{"embeddable":true,"href":"https:\/\/www.aulajungle.com.co\/capiro\/es\/wp-json\/wp\/v2\/media\/1221"}],"wp:attachment":[{"href":"https:\/\/www.aulajungle.com.co\/capiro\/es\/wp-json\/wp\/v2\/media?parent=483"}],"curies":[{"name":"wp","href":"https:\/\/api.w.org\/{rel}","templated":true}]}}