{"id":560,"date":"2023-08-07T23:03:14","date_gmt":"2023-08-07T23:03:14","guid":{"rendered":"https:\/\/www.aulajungle.com.co\/capiro\/?page_id=560"},"modified":"2024-08-01T16:45:37","modified_gmt":"2024-08-01T16:45:37","slug":"ambiental","status":"publish","type":"page","link":"https:\/\/www.aulajungle.com.co\/capiro\/es\/ambiental\/","title":{"rendered":"Ambiental"},"content":{"rendered":"<p>Nuestra compa\u00f1\u00eda est\u00e1 comprometida con la conservaci\u00f3n de los recursos naturales, el desarrollo social, la reducci\u00f3n del impacto ambiental de nuestros procesos y productos, y la implementaci\u00f3n de estrategias.<\/p>","protected":false},"excerpt":{"rendered":"<p>Nuestra compa\u00f1\u00eda est\u00e1 comprometida con la conservaci\u00f3n de los recursos naturales, el desarrollo social, la reducci\u00f3n del impacto ambiental de nuestros procesos y productos, y la implementaci\u00f3n de estrategias.<\/p>","protected":false},"author":1,"featured_media":1209,"parent":0,"menu_order":0,"comment_status":"closed","ping_status":"closed","template":"","meta":{"inline_featured_image":false,"footnotes":""},"class_list":["post-560","page","type-page","status-publish","has-post-thumbnail","hentry"],"_links":{"self":[{"href":"https:\/\/www.aulajungle.com.co\/capiro\/es\/wp-json\/wp\/v2\/pages\/560","targetHints":{"allow":["GET"]}}],"collection":[{"href":"https:\/\/www.aulajungle.com.co\/capiro\/es\/wp-json\/wp\/v2\/pages"}],"about":[{"href":"https:\/\/www.aulajungle.com.co\/capiro\/es\/wp-json\/wp\/v2\/types\/page"}],"author":[{"embeddable":true,"href":"https:\/\/www.aulajungle.com.co\/capiro\/es\/wp-json\/wp\/v2\/users\/1"}],"replies":[{"embeddable":true,"href":"https:\/\/www.aulajungle.com.co\/capiro\/es\/wp-json\/wp\/v2\/comments?post=560"}],"version-history":[{"count":4,"href":"https:\/\/www.aulajungle.com.co\/capiro\/es\/wp-json\/wp\/v2\/pages\/560\/revisions"}],"predecessor-version":[{"id":1297,"href":"https:\/\/www.aulajungle.com.co\/capiro\/es\/wp-json\/wp\/v2\/pages\/560\/revisions\/1297"}],"wp:featuredmedia":[{"embeddable":true,"href":"https:\/\/www.aulajungle.com.co\/capiro\/es\/wp-json\/wp\/v2\/media\/1209"}],"wp:attachment":[{"href":"https:\/\/www.aulajungle.com.co\/capiro\/es\/wp-json\/wp\/v2\/media?parent=560"}],"curies":[{"name":"wp","href":"https:\/\/api.w.org\/{rel}","templated":true}]}}